{"id":2388,"date":"2022-03-29T15:44:59","date_gmt":"2022-03-29T15:44:59","guid":{"rendered":"https:\/\/anthropological.cloud\/wau\/wcaa\/?page_id=2388"},"modified":"2022-04-01T05:30:59","modified_gmt":"2022-04-01T05:30:59","slug":"anuac-italy-interview","status":"publish","type":"page","link":"https:\/\/waunet.org\/wcaa\/dejalu\/issue10\/interviews-with-journal-editors\/anuac-italy-interview\/","title":{"rendered":"Anuac, Italy"},"content":{"rendered":"\t\t<div data-elementor-type=\"wp-page\" data-elementor-id=\"2388\" class=\"elementor elementor-2388\" data-elementor-post-type=\"page\">\n\t\t\t\t\t\t<section class=\"elementor-section elementor-top-section elementor-element elementor-element-41db8d9 elementor-section-boxed elementor-section-height-default elementor-section-height-default\" data-id=\"41db8d9\" data-element_type=\"section\" data-settings=\"{&quot;background_background&quot;:&quot;classic&quot;}\">\n\t\t\t\t\t\t\t<div class=\"elementor-background-overlay\"><\/div>\n\t\t\t\t\t\t\t<div class=\"elementor-container elementor-column-gap-default\">\n\t\t\t\t\t<div class=\"elementor-column elementor-col-100 elementor-top-column elementor-element elementor-element-a65d215\" data-id=\"a65d215\" data-element_type=\"column\">\n\t\t\t<div class=\"elementor-widget-wrap elementor-element-populated\">\n\t\t\t\t\t\t<div class=\"elementor-element elementor-element-7a75013 elementor-widget elementor-widget-spacer\" data-id=\"7a75013\" data-element_type=\"widget\" data-widget_type=\"spacer.default\">\n\t\t\t\t<div class=\"elementor-widget-container\">\n\t\t\t\t\t\t\t<div class=\"elementor-spacer\">\n\t\t\t<div class=\"elementor-spacer-inner\"><\/div>\n\t\t<\/div>\n\t\t\t\t\t\t<\/div>\n\t\t\t\t<\/div>\n\t\t\t\t<section class=\"elementor-section elementor-inner-section elementor-element elementor-element-30f74dd elementor-section-boxed elementor-section-height-default elementor-section-height-default\" data-id=\"30f74dd\" data-element_type=\"section\" data-settings=\"{&quot;background_background&quot;:&quot;classic&quot;}\">\n\t\t\t\t\t\t<div class=\"elementor-container elementor-column-gap-default\">\n\t\t\t\t\t<div class=\"elementor-column elementor-col-100 elementor-inner-column elementor-element elementor-element-7dfeb66\" data-id=\"7dfeb66\" data-element_type=\"column\">\n\t\t\t<div class=\"elementor-widget-wrap elementor-element-populated\">\n\t\t\t\t\t\t<div class=\"elementor-element elementor-element-193d9ca elementor-widget elementor-widget-image\" data-id=\"193d9ca\" data-element_type=\"widget\" data-widget_type=\"image.default\">\n\t\t\t\t<div class=\"elementor-widget-container\">\n\t\t\t\t\t\t\t\t\t\t\t\t\t\t\t<img decoding=\"async\" src=\"https:\/\/waunet.org\/wcaa\/wp-content\/uploads\/dejalu_logo.svg\" title=\"\" alt=\"\" loading=\"lazy\" \/>\t\t\t\t\t\t\t\t\t\t\t\t\t\t\t<\/div>\n\t\t\t\t<\/div>\n\t\t\t\t<div class=\"elementor-element elementor-element-f6265d2 elementor-widget elementor-widget-heading\" data-id=\"f6265d2\" data-element_type=\"widget\" data-widget_type=\"heading.default\">\n\t\t\t\t<div class=\"elementor-widget-container\">\n\t\t\t\t\t<h5 class=\"elementor-heading-title elementor-size-default\">Questions for Journal Editors for the Tenth Anniversary of Deja Lu\n\n<\/h5>\t\t\t\t<\/div>\n\t\t\t\t<\/div>\n\t\t\t\t\t<\/div>\n\t\t<\/div>\n\t\t\t\t\t<\/div>\n\t\t<\/section>\n\t\t\t\t<div class=\"elementor-element elementor-element-9dbc36e elementor-widget elementor-widget-spacer\" data-id=\"9dbc36e\" data-element_type=\"widget\" data-widget_type=\"spacer.default\">\n\t\t\t\t<div class=\"elementor-widget-container\">\n\t\t\t\t\t\t\t<div class=\"elementor-spacer\">\n\t\t\t<div class=\"elementor-spacer-inner\"><\/div>\n\t\t<\/div>\n\t\t\t\t\t\t<\/div>\n\t\t\t\t<\/div>\n\t\t\t\t<div class=\"elementor-element elementor-element-e60d971 elementor-widget elementor-widget-heading\" data-id=\"e60d971\" data-element_type=\"widget\" data-widget_type=\"heading.default\">\n\t\t\t\t<div class=\"elementor-widget-container\">\n\t\t\t\t\t<h3 class=\"elementor-heading-title elementor-size-default\">Interview with Filippo Zerilli, Editor of Anuac, Journal of the Italian Society of Cultural Anthropology , interviewed by Gordon Mathews<\/h3>\t\t\t\t<\/div>\n\t\t\t\t<\/div>\n\t\t\t\t<div class=\"elementor-element elementor-element-148060d elementor-widget elementor-widget-heading\" data-id=\"148060d\" data-element_type=\"widget\" data-widget_type=\"heading.default\">\n\t\t\t\t<div class=\"elementor-widget-container\">\n\t\t\t\t\t<h5 class=\"elementor-heading-title elementor-size-default\">Sept. 10, 2021<\/h5>\t\t\t\t<\/div>\n\t\t\t\t<\/div>\n\t\t\t\t<div class=\"elementor-element elementor-element-910a16c elementor-widget elementor-widget-spacer\" data-id=\"910a16c\" data-element_type=\"widget\" data-widget_type=\"spacer.default\">\n\t\t\t\t<div class=\"elementor-widget-container\">\n\t\t\t\t\t\t\t<div class=\"elementor-spacer\">\n\t\t\t<div class=\"elementor-spacer-inner\"><\/div>\n\t\t<\/div>\n\t\t\t\t\t\t<\/div>\n\t\t\t\t<\/div>\n\t\t\t\t\t<\/div>\n\t\t<\/div>\n\t\t\t\t\t<\/div>\n\t\t<\/section>\n\t\t\t\t<section class=\"elementor-section elementor-top-section elementor-element elementor-element-17eb4f0 elementor-section-boxed elementor-section-height-default elementor-section-height-default\" data-id=\"17eb4f0\" data-element_type=\"section\">\n\t\t\t\t\t\t<div class=\"elementor-container elementor-column-gap-default\">\n\t\t\t\t\t<div class=\"elementor-column elementor-col-100 elementor-top-column elementor-element elementor-element-876d08f\" data-id=\"876d08f\" data-element_type=\"column\">\n\t\t\t<div class=\"elementor-widget-wrap elementor-element-populated\">\n\t\t\t\t\t\t<div class=\"elementor-element elementor-element-ecd30da elementor-widget elementor-widget-spacer\" data-id=\"ecd30da\" data-element_type=\"widget\" data-widget_type=\"spacer.default\">\n\t\t\t\t<div class=\"elementor-widget-container\">\n\t\t\t\t\t\t\t<div class=\"elementor-spacer\">\n\t\t\t<div class=\"elementor-spacer-inner\"><\/div>\n\t\t<\/div>\n\t\t\t\t\t\t<\/div>\n\t\t\t\t<\/div>\n\t\t\t\t<div class=\"elementor-element elementor-element-3fdcc00 elementor-widget elementor-widget-text-editor\" data-id=\"3fdcc00\" data-element_type=\"widget\" data-widget_type=\"text-editor.default\">\n\t\t\t\t<div class=\"elementor-widget-container\">\n\t\t\t\t\t\t\t\t\t<p>GM: I was just reading Anuac over the past couple of days, and it looks like a very interesting journal.\u00a0 You&#8217;ve got many different languages in there. I thought it was going to be more Italian but mostly it&#8217;s not, which is interesting.<\/p><p>FZ: That&#8217;s one of the main intentions, to be an international and multilingual journal; it&#8217;s really an important issue from the beginning, for us, so we have those different languages, not only English and French, and of course Italian but also Portuguese and Spanish. At the beginning of this journal, in addition to Europe the intentional was to cover both Americas, North and South America.\u00a0 This internationalization is very important to us, but also raises problems because we don\u2019t have in the editorial team people who are professional in all those different languages\u2014we have knowledge, but not necessarily knowledge as a mother language. So it\u2019s a risk sometimes when we use different languages that we are unable to check the quality of the language. We\u2019d like to rely on good external linguistic revisions, but it\u2019s very costly to obtain.\u00a0<\/p><p>GM: And with Anuac, you are open access, and so you may not have a managing editor or somebody who is paid to go over your journal. Is that correct?<\/p><p>FZ: Yes, we are all not paid for that.\u00a0 This is one of the main problems we face, that of financing. We are one of the journals of the Italian Society for Cultural Anthropology. That means that we get some financing from them but not much\u2014we can cover some editing and proofreading, but we don&#8217;t have enough money to cover language revisions and we don\u2019t have money to pay the managing editor or to pay the person in charge of web design; we obtained some money to redesign the website, which has been the same for the last five years. We would like to introduce changes but this is not possible. I\u2019ll need to go and ask for money not only from the Society but also from different sources, such as my university department at the University of Cagliari, where I am based. We get some help in terms of infrastructure, so we have site maintenance that is very good. Anuac is on a platform with a number of different open access journals.\u00a0 But we don\u2019t have the money to change anything on the website, even changing a couple of pictures on the website. So everything here is voluntary. Luckily, the colleague who acts as managing editor has good technical skills.\u00a0 But we are facing ongoing technical difficulties. For instance, the new Open Journal System release we recently updated to (version 3.1) presents a lot of new confusing features we are still unable to fully manage!\u00a0<\/p><p>GM: Why did you decide not to go with a commercial publisher, but to do this the way you&#8217;re doing, in an open access journal?\u00a0<\/p><p>FZ: When we established Anuac in 2012,\u00a0 OJS, Open Journal Systems, the publishing infrastructure we use made open access journals possible, thanks to the Public Knowledge Project who sponsored the software; it was a great economic and political opportunity not to ask a publisher to make a contract, and to be involved in the politics of publishing. I see that in the last five years people are running away from Wiley and other big publishers, they want to renegotiate their contracts because those publishers operate as profit-seeking business enterprises.\u00a0 Colleagues have started to refuse to contribute or act as reviewers for these big publishers without compensation. That&#8217;s a very delicate and political issue, of course. If you open your arms to the big publishers, they would probably ask you not to offer your journal for free anymore! \u00a0<\/p><p>GM: So Anuac is open to anyone who wants to read it, for free: anybody can click on the website and read your articles, is that right?<\/p><p>FZ:\u00a0 Exactly. It\u2019s absolutely free. We don\u2019t even ask for article processing charges. Open access has completely changed the landscape in which we are living in. When I was a student I was so curious about why we had to pay money for scientific research that should be available for everybody, since it has been already paid for by public funding. Open access is really something that we want to affirm and believe strongly in at Anuac. It is indeed a new way to conceive of science and the role science can have in the public sphere. \u00a0<\/p><p>GM: To introduce Anuac to readers of D\u00e9j\u00e0 Lu, what would you want to tell our readers?<\/p><p>FZ: I want always to emphasize the link between our journal and the Society of Cultural Anthropology in Italy, which is important. But this Society is not our only interlocutor, because we want to have a journal that is able to talk to a global community of anthropologists; so from this perspective we&#8217;re very, very happy to be part of D\u00e9j\u00e0 Lu. When we select an article for D\u00e9j\u00e0 Lu, we always think about finding something that is representative of our engagement as an international and multilingual journal. We want to offer an idea of what our anthropological tradition is offering in terms of specificity and diversity in the framework of a global anthropology. We want to introduce a European perspective, and an Italian perspective which is not subsumed to the agenda of the hegemonic English, French and American anthropological traditions. In fact, three different intellectual traditions contributed to create anthropology in Italy: \u2018demology\u2019, which is the study of \u2018popular traditions\u2019 aka folklore in English; ethnology, which is the study of different, overseas cultures beyond Europe; and cultural anthropology, the study of complex or contemporary societies. To a certain extent, Anuac represents and reflects all these traditions.<\/p><p>GM: Do you have anthropologists in Italy who say, \u201cwe should not be part of global anthropology; our responsibility is to feature Italian anthropology, in Italian.\u201d<\/p><p>FZ: No, no one is arguing this position as a program, although there are examples of journals and departments thinking that it is important to use Italy as a research field and to present scholarship concerning Italian anthropology on Italy. The majority of anthropology journals are now reframing their agenda within international, global anthropology.\u00a0 It would be good to get more Italian anthropology journals in D\u00e9j\u00e0 Lu!<\/p><p>GM: We\u2019d love to have that! Give us their contacts! \u00a0<\/p><p>FZ: Of course, conversations between different anthropological traditions are linked to language skills. This is an aspect that is still relevant in Italian anthropology: the generations previous to mine were educated in French as a second language rather than in English.\u00a0 Clifford Geertz, for example\u2014we did not discuss his work until the late 1980s and early 1990s in Italy, because it was not translated into Italian until then. That&#8217;s one reason why we emphasize multilingualism\u2014we cannot pretend that Italian is going to become a global language.<\/p><p>GM: Does somebody have to be a member of the Italian Society of Cultural Anthropology to publish in Anuac?<\/p><p>FZ: No, it\u2019s absolutely open to all scholars around the world. We have a group of associate editors; I am editor-in-chief but I conceive this journal as a collective endeavor. Some of them are not even members of SIAC, the Italian Society of Cultural Anthropology. The same is true for our authors; there are no restrictions. I\u2019d like SIAC do be more active in the editorial board of the journal. They&#8217;re not participating very much. I feel, sometimes, a little bit frustrated in this. On the other hand, I can say I&#8217;m very free in my activities for the journal. I\u2019m working on making the relation between SIAC and the journal more connected.\u00a0 Various other journals around the world have a clearer connection with their association. \u00a0<\/p><p>We are interested in publishing contributions on any topic across all world regions, not just Italy. We have no restrictions. We are particularly interested in fieldwork experiences conducted in Italy of course, but it doesn\u2019t have to be by Italians!\u00a0 We invite scholars from all national tradition from around the world working on Italy, to consider Anuac as a venue for their work!\u00a0 But we\u2019re open to work on other regions too. We are simply looking for the best anthropological scholarship available! We focus particularly on individual articles. We suffer a bit because we don\u2019t have enough submissions. After all, the quality of a journal is made up by the number of submissions!\u00a0 We receive, at the moment, around twenty submissions per year. We receive proposals for special issues\u2014that\u2019s fine, but we don\u2019t want to focus too much on special issues, because they sometimes force you to publish an article that wouldn\u2019t be good enough to be a stand-alone article because it\u2019s part of the special issue.\u00a0<\/p><p>GM: The editorial process: where do you find your referees?<\/p><p>FZ:\u00a0 Some articles we receive we initially reject as editors. If we decide to send an article out for review, we solicit at least three reviewers, which the editorial team and I decide upon; we can ask the advisory editorial board as well.\u00a0 If the language is English, we have a much wider range to choose from than if the language is Italian or Portuguese. We adopt the standard double-blind review; however, we consider the review process to be a conversation between authors and reviewers. If we decide not to have a desk rejection and to send the article to reviewers, it means the article has value and should be seriously considered, so we will look for a reviewer that is going to give advice and not for someone to just say, \u201cOh, this is bullshit.\u201d Yes, most of the good articles that we receive we can indeed publish\u2014absolutely.\u00a0 Sometimes I joke that good US journals like American Ethnologist should recommend that for some of the really good pieces they turn down, they should send them to us! \u00a0<\/p><p>We don&#8217;t consider that what a reviewer asks an author is mandatory; we always consider this as a suggestion. When we think that those suggestions are good, then we say, \u201cplease respond to the critique,\u201d but we might take less seriously the comments of another reviewer who is asking for another article to be written: we understand this. We look for a reviewer that knows the field, the area of research or the topic, so there is also the risk of a competition between the reviewer and the author, and we try to avoid this as a journal.<\/p><p>GM: Citation indexes like SSCI, the Social Science Citation Index, have been criticized as agents of Anglo-American imperialism, since most of the journals they contain are in English.\u00a0 How do you feel about that in relation to Anuac?\u00a0<\/p><p>FZ: We often discuss in our editorial meetings the issue of indexing in agencies like Web of Science and Scopus and the Social Science Citation Index.\u00a0 We recognize that if we want our work as a journal to be recognized and improved, we may need to obtain that, even if we are opposed ideologically. We submitted once to an index and were refused. You meet someone at a conference and ask, \u201cwhy don&#8217;t you submit something to our journal?\u201d and they reply, \u201care you indexed in Scopus or Web of Science?\u201d We say, \u201cnot yet, but we will be perhaps in a couple of months or a couple of years.\u201d\u00a0 Our position is very uncomfortable because from one side we recognize that these indexes\u00a0 are very important to operate within a global community; all those journals that we see as important, all are in these indexes. Paradoxically, we look for inclusion even if we don&#8217;t adhere to the metric ideology. Still, we want to have the stamp in order to make our work more recognized globally, and to increase the number of submissions as well. Also, we know citation indexes work as a closed circle, because in order to be accepted you need to cite articles that are published in those indexes, citing scholars cited in those journals. We shouldn\u2019t have to be trapped by this. A good article could be published anywhere! \u00a0<\/p><p>Usually, each of our issues is between 250 and 300 pages.\u00a0 We could have smaller issues and more issues per year, not two but three or four. Citation indexes might like that more than what we do now. Also, authors want to be published quickly, and not wait, as they may have to now because we have two issues a year. No, we don\u2019t have an on-line editorial platform where we can publish papers before their formal publication in issues.\u00a0 We publish when each issue comes out.\u00a0 But getting an editorial platform is an innovation we are thinking about, so that we can publish on-line first, so that authors don\u2019t have to wait; no Italian anthropology journal yet does this.\u00a0 But at the same time we don\u2019t want to transform a scholarly journal into a blog. I proposed to my editorial team that we should also have a blog section, as some other journals now do, although it would mean more work.\u00a0 However, as anthropologists we begin with field research on a particular subject in a specific location, then submit to seminars and conferences and then finally to a journal. This scholarly process is very important and time-costly. We must keep in mind the difference between a journal article and an intervention on a public issue.\u00a0 Our ambition is to produce work that in 10 or 20 years is still valuable.\u00a0 The scholarly tradition should not be forgotten because of all that is going on in the world today, aka burning social issues.\u00a0 Still, we had a special issue of short pieces on the neoliberal university that has perhaps the most downloaded articles in our history.\u00a0<\/p><p>Working as editor is very, very demanding, and unpaid, and the time you consecrate to this is time you are not using for your own scholarly work. Thus we have to be careful of how much should a journal suck from us in terms of energies. That\u2019s also why I think it&#8217;s very important to have a collective editorial team.\u00a0 If only one person is in charge, you cannot do as well as you would like to.\u00a0<\/p><p>One more point: It\u2019s important for us to know about a journal the number of submissions, and also the money, I mean the funding.\u00a0 We get \u20ac 1,600 for one year, 800 euros for each issue from SIAC. We use this money for graduate students helping with copy editing and proofreading.\u00a0 It\u2019s good to talk about these issues in order to have an idea what&#8217;s going on in different journals in anthropology.\u00a0 We need to know funding for different journals, between members of associations, university departments, and publishers, and also numbers of submissions, as well as downloading.<\/p><p>I have colleagues that have worked for journals that are behind the paywall, so they are not available to everybody, I think this is very lamentable&#8211;if you don&#8217;t have university access, you just have to buy. We have to facilitate the transition from print journals published by big publishers to open access, gold open access. What is the reasonable and sustainable cost for a good journal in anthropology, even if this journal is done through anthropologists working for free?\u00a0 There are indeed costs to be covered. I would love to know this from within our publishing community. Downloading too&#8211;open access is creating huge numbers of downloads today compared to those journals that are behind the paywall.\u00a0 People may or may not read it, but our open-access articles are accessible and downloaded. This information is private\u2014editors may not want to talk about it\u2014but it is essential in order to assess what does it mean for a journal to be sustainable as a public, non-profit, scholarly enterprise, as we are.<\/p>\t\t\t\t\t\t\t\t<\/div>\n\t\t\t\t<\/div>\n\t\t\t\t<div class=\"elementor-element elementor-element-fbdd1d8 elementor-widget elementor-widget-spacer\" data-id=\"fbdd1d8\" data-element_type=\"widget\" data-widget_type=\"spacer.default\">\n\t\t\t\t<div class=\"elementor-widget-container\">\n\t\t\t\t\t\t\t<div class=\"elementor-spacer\">\n\t\t\t<div class=\"elementor-spacer-inner\"><\/div>\n\t\t<\/div>\n\t\t\t\t\t\t<\/div>\n\t\t\t\t<\/div>\n\t\t\t\t\t<\/div>\n\t\t<\/div>\n\t\t\t\t\t<\/div>\n\t\t<\/section>\n\t\t\t\t<\/div>\n\t\t","protected":false},"excerpt":{"rendered":"<p>Questions for Journal Editors for the Tenth Anniversary of Deja Lu Interview with Filippo Zerilli, Editor of Anuac, Journal of the Italian Society of Cultural Anthropology , interviewed by Gordon Mathews Sept. 10, 2021 GM: I was just reading Anuac over the past couple of days, and it looks like a very interesting journal.\u00a0 You&#8217;ve [&hellip;]<\/p>\n","protected":false},"author":1,"featured_media":371,"parent":2346,"menu_order":0,"comment_status":"closed","ping_status":"closed","template":"","meta":{"footnotes":""},"class_list":["post-2388","page","type-page","status-publish","has-post-thumbnail","hentry"],"_links":{"self":[{"href":"https:\/\/waunet.org\/wcaa\/wp-json\/wp\/v2\/pages\/2388","targetHints":{"allow":["GET"]}}],"collection":[{"href":"https:\/\/waunet.org\/wcaa\/wp-json\/wp\/v2\/pages"}],"about":[{"href":"https:\/\/waunet.org\/wcaa\/wp-json\/wp\/v2\/types\/page"}],"author":[{"embeddable":true,"href":"https:\/\/waunet.org\/wcaa\/wp-json\/wp\/v2\/users\/1"}],"replies":[{"embeddable":true,"href":"https:\/\/waunet.org\/wcaa\/wp-json\/wp\/v2\/comments?post=2388"}],"version-history":[{"count":0,"href":"https:\/\/waunet.org\/wcaa\/wp-json\/wp\/v2\/pages\/2388\/revisions"}],"up":[{"embeddable":true,"href":"https:\/\/waunet.org\/wcaa\/wp-json\/wp\/v2\/pages\/2346"}],"wp:featuredmedia":[{"embeddable":true,"href":"https:\/\/waunet.org\/wcaa\/wp-json\/wp\/v2\/media\/371"}],"wp:attachment":[{"href":"https:\/\/waunet.org\/wcaa\/wp-json\/wp\/v2\/media?parent=2388"}],"curies":[{"name":"wp","href":"https:\/\/api.w.org\/{rel}","templated":true}]}}