{"id":496,"date":"2024-05-27T04:52:03","date_gmt":"2024-05-27T04:52:03","guid":{"rendered":"https:\/\/waunet.org\/iuaes\/?page_id=496"},"modified":"2024-05-30T03:58:19","modified_gmt":"2024-05-30T03:58:19","slug":"honorary-membership","status":"publish","type":"page","link":"https:\/\/waunet.org\/iuaes\/honorary-membership\/","title":{"rendered":"Honorary  Membership"},"content":{"rendered":"\t\t<div data-elementor-type=\"wp-post\" data-elementor-id=\"496\" class=\"elementor elementor-496\" data-elementor-post-type=\"page\">\n\t\t\t\t<div class=\"elementor-element elementor-element-b6ccee0 e-flex e-con-boxed e-con e-parent\" data-id=\"b6ccee0\" data-element_type=\"container\" data-settings=\"{&quot;background_background&quot;:&quot;classic&quot;,&quot;shape_divider_top&quot;:&quot;triangle&quot;,&quot;shape_divider_bottom&quot;:&quot;triangle&quot;}\">\n\t\t\t\t\t<div class=\"e-con-inner\">\n\t\t\t\t<div class=\"elementor-shape elementor-shape-top\" aria-hidden=\"true\" data-negative=\"false\">\n\t\t\t<svg xmlns=\"http:\/\/www.w3.org\/2000\/svg\" viewBox=\"0 0 1000 100\" preserveAspectRatio=\"none\">\n\t<path class=\"elementor-shape-fill\" d=\"M500,98.9L0,6.1V0h1000v6.1L500,98.9z\"\/>\n<\/svg>\t\t<\/div>\n\t\t\t\t<div class=\"elementor-shape elementor-shape-bottom\" aria-hidden=\"true\" data-negative=\"false\">\n\t\t\t<svg xmlns=\"http:\/\/www.w3.org\/2000\/svg\" viewBox=\"0 0 1000 100\" preserveAspectRatio=\"none\">\n\t<path class=\"elementor-shape-fill\" d=\"M500,98.9L0,6.1V0h1000v6.1L500,98.9z\"\/>\n<\/svg>\t\t<\/div>\n\t\t<div class=\"elementor-element elementor-element-e51556f e-con-full e-flex e-con e-child\" data-id=\"e51556f\" data-element_type=\"container\" data-settings=\"{&quot;background_background&quot;:&quot;classic&quot;}\">\n\t\t\t\t<div class=\"elementor-element elementor-element-94ebe36 elementor-widget elementor-widget-heading\" data-id=\"94ebe36\" data-element_type=\"widget\" data-widget_type=\"heading.default\">\n\t\t\t\t<div class=\"elementor-widget-container\">\n\t\t\t\t\t<h2 class=\"elementor-heading-title elementor-size-default\">Honorary  Membership<\/h2>\t\t\t\t<\/div>\n\t\t\t\t<\/div>\n\t\t\t\t<\/div>\n\t\t\t\t\t<\/div>\n\t\t\t\t<\/div>\n\t\t<div class=\"elementor-element elementor-element-833351f e-flex e-con-boxed e-con e-parent\" data-id=\"833351f\" data-element_type=\"container\">\n\t\t\t\t\t<div class=\"e-con-inner\">\n\t\t\t\t<div class=\"elementor-element elementor-element-810d08f elementor-widget elementor-widget-spacer\" data-id=\"810d08f\" data-element_type=\"widget\" data-widget_type=\"spacer.default\">\n\t\t\t\t<div class=\"elementor-widget-container\">\n\t\t\t\t\t\t\t<div class=\"elementor-spacer\">\n\t\t\t<div class=\"elementor-spacer-inner\"><\/div>\n\t\t<\/div>\n\t\t\t\t\t\t<\/div>\n\t\t\t\t<\/div>\n\t\t\t\t<div class=\"elementor-element elementor-element-b6842ab elementor-widget elementor-widget-text-editor\" data-id=\"b6842ab\" data-element_type=\"widget\" data-widget_type=\"text-editor.default\">\n\t\t\t\t<div class=\"elementor-widget-container\">\n\t\t\t\t\t\t\t\t\t<table class=\"gen\">\n<tbody>\n<tr>\n<th><em>NAME<\/em><\/th>\n<th><em>COUNTRY<\/em><\/th>\n<th><em>AFFILIATION \/ FORMER AFFILIATION<\/em><\/th>\n<\/tr>\n<tr>\n<td>Lourdes Arizpe<\/td>\n<td>Mexico<\/td>\n<td>Universidad Nacional Aut\u00f3noma de M\u00e9xico (UNAM)<\/td>\n<\/tr>\n<tr>\n<td>H. Russell Bernard<\/td>\n<td>USA<\/td>\n<td>University of Florida<\/td>\n<\/tr>\n<tr>\n<td>Christian Bromberger<\/td>\n<td>France<\/td>\n<td>l&#8217;Universit\u00e9 de Provence<\/td>\n<\/tr>\n<tr>\n<td>Buddhadeb Chaudhuri<\/td>\n<td>India<\/td>\n<td>Calcutta University<\/td>\n<\/tr>\n<tr>\n<td>John Ernest Gledhill<\/td>\n<td>UK<\/td>\n<td>University of Manchester<\/td>\n<\/tr>\n<tr>\n<td>Faye Harrison<\/td>\n<td>USA<\/td>\n<td>University of Illinois at Urbana-Champaign<\/td>\n<\/tr>\n<tr>\n<td>Esteban Krotz<\/td>\n<td>Mexico; Germany<\/td>\n<td>Universidad Aut\u00f3noma Metropolitana<\/td>\n<\/tr>\n<tr>\n<td>Gustavo Lins Ribeiro<\/td>\n<td>Mexico; Brazil<\/td>\n<td>Universidad Aut\u00f3noma Metropolitana; Universidade de Brasilia<\/td>\n<\/tr>\n<tr>\n<td>Joan P. Mencher<\/td>\n<td>USA<\/td>\n<td>Lehman College of City University of New York<\/td>\n<\/tr>\n<tr>\n<td>Paul N. Nkwi<\/td>\n<td>Cameroon<\/td>\n<td>Catholic University of Cmeroon; University of Yaounde<\/td>\n<\/tr>\n<tr>\n<td>Keiichi Omoto<\/td>\n<td>Japan<\/td>\n<td>University of Tokyo<\/td>\n<\/tr>\n<tr>\n<td>Sherry Beth Ortner<\/td>\n<td>USA<\/td>\n<td>University of California, Los Angeles<\/td>\n<\/tr>\n<\/tbody>\n<\/table>\t\t\t\t\t\t\t\t<\/div>\n\t\t\t\t<\/div>\n\t\t\t\t\t<\/div>\n\t\t\t\t<\/div>\n\t\t<div class=\"elementor-element elementor-element-87e45c2 e-flex e-con-boxed e-con e-parent\" data-id=\"87e45c2\" data-element_type=\"container\">\n\t\t\t\t\t<div class=\"e-con-inner\">\n\t\t\t\t<div class=\"elementor-element elementor-element-f4b0eac elementor-widget elementor-widget-spacer\" data-id=\"f4b0eac\" data-element_type=\"widget\" data-widget_type=\"spacer.default\">\n\t\t\t\t<div class=\"elementor-widget-container\">\n\t\t\t\t\t\t\t<div class=\"elementor-spacer\">\n\t\t\t<div class=\"elementor-spacer-inner\"><\/div>\n\t\t<\/div>\n\t\t\t\t\t\t<\/div>\n\t\t\t\t<\/div>\n\t\t\t\t<div class=\"elementor-element elementor-element-32ceda7 elementor-widget elementor-widget-heading\" data-id=\"32ceda7\" data-element_type=\"widget\" data-widget_type=\"heading.default\">\n\t\t\t\t<div class=\"elementor-widget-container\">\n\t\t\t\t\t<h2 class=\"elementor-heading-title elementor-size-default\">Posthumous\/Deceased Honorary Members<\/h2>\t\t\t\t<\/div>\n\t\t\t\t<\/div>\n\t\t\t\t<div class=\"elementor-element elementor-element-1197759 elementor-widget elementor-widget-text-editor\" data-id=\"1197759\" data-element_type=\"widget\" data-widget_type=\"text-editor.default\">\n\t\t\t\t<div class=\"elementor-widget-container\">\n\t\t\t\t\t\t\t\t\t<table class=\"gen\"><tbody><tr><td>Paul T. Baker<\/td><td>USA<\/td><td>(1927-2007)<\/td><td>The Pennsylvania State University<\/td><\/tr><tr><td>Fredrik Barth<\/td><td>Norway<\/td><td>(1928-2016)<\/td><td>Boston University; University of Oslo; University of Bergen<\/td><\/tr><tr><td>Nils-Arvid Bring\u00e9us<\/td><td>Sweden<\/td><td>(-2022)<\/td><td>Lund University<\/td><\/tr><tr><td>Prafullo Chandra Biswas<\/td><td>India<\/td><td>\u00a0<\/td><td>University of Delhi<\/td><\/tr><tr><td>Henri J. M. Claessen<\/td><td>The Netherlands<\/td><td>\u00a0(1930-2022)<\/td><td>Leiden University<\/td><\/tr><tr><td>Jean Cuisenier<\/td><td>France<\/td><td>(1927-2017)<\/td><td>Centre de sociologie europ\u00e9enne,Ecole des Hautes Etudes en Sciences Sociales, Paris; Mus\u00e9e National des Arts et Traditions Populaires; Centre d&#8217;Ethnologie Fran\u00e7aise<\/td><\/tr><tr><td>Silvio Coelho dos Santos<\/td><td>Brazil<\/td><td>(1928-2008)<\/td><td>Universidad Federal de Santa Catarina<\/td><\/tr><tr><td>Fred Russell Eggan<\/td><td>USA<\/td><td>(1906-1991)<\/td><td>University of Chicago<\/td><\/tr><tr><td>Sir Raymond William Firth<\/td><td>UK<\/td><td>(1901-2002)<\/td><td>London School of Economics<\/td><\/tr><tr><td>George M. Foster<\/td><td>USA<\/td><td>(1913-2006)<\/td><td>University of California, Berkeley<\/td><\/tr><tr><td>Christoph von F\u00fcrer-Haimendorf<\/td><td>UK<\/td><td>(1909-1995)<\/td><td>School of Oriental and African Studies (SOAS)<\/td><\/tr><tr><td>Robert Gessain<\/td><td>France<\/td><td>(1907-1986)<\/td><td>Mus\u00e9um national d&#8217;histoire naturelle<\/td><\/tr><tr><td>Sir John (Jack) Rankine Goody<\/td><td>UK<\/td><td>(1919- 2015)<\/td><td>St John&#8217;s College, University of Cambridge<\/td><\/tr><tr><td>Vinigi L. Grottanelli<\/td><td>Italy<\/td><td>(1912-1993)<\/td><td>Univ. di Roma; Pontificia universit\u00e0 urbaniana<\/td><\/tr><tr><td>Lawrence Krader<\/td><td>Germany<\/td><td>(1919-1998)<\/td><td>University of Syracuse; City College of New York (CCNY); American University; University of Waterloo; Free University of Berlin<\/td><\/tr><tr><td>Sir Edmund Ronald Leach<\/td><td>UK<\/td><td>(1910-1989)<\/td><td>King&#8217;s College, Cambridge<\/td><\/tr><tr><td>Claude Levi-Strauss<\/td><td>France<\/td><td>(1908-2009)<\/td><td>Coll\u00e8ge de France<\/td><\/tr><tr><td>Jos\u00e9 Matos Mar<\/td><td>Peru<\/td><td>(1921-2015)<\/td><td>Instituto de Estudios Peruanos; Universidad Nacional Mayor de San Marcos<\/td><\/tr><tr><td>Chie Nakane<\/td><td>Japan<\/td><td>(-2021)<\/td><td>University of Tokyo<\/td><\/tr><tr><td>Ikenna Nzimiro<\/td><td>Nigeria<\/td><td>(1927 &#8211; 2006)<\/td><td>University of Nigeria<\/td><\/tr><tr><td>Masao Oka<\/td><td>Japan<\/td><td>(1898-1982)<\/td><td>Tokyo Metropolitan University; Meiji University; Tokyo University of Foreign Studies<\/td><\/tr><tr><td>Gonzalo Rubio Orbe<\/td><td>Ecuador<\/td><td>(1909-1994)<\/td><td>Universidad Central del Ecuador; Universidad Cat\u00f3lica; Rector del Colegio Normal Juan Montalvo<\/td><\/tr><tr><td>Wu Rukang (Woo Ju-Kang)<\/td><td>China<\/td><td>(1916-2006)<\/td><td>Chinese Academy of Sciences<\/td><\/tr><tr><td>Aidan Southall<\/td><td>UK<\/td><td>(1920-2009)<\/td><td>Makerere University; University of Wisconsin-Madison<\/td><\/tr><tr><td>Mysore Narasimhachar Srinivas<\/td><td>India<\/td><td>(1916-1999)<\/td><td>University of Delhi; Maharaja Sayajirao University of Baroda; Institute for Social and Economic Change, Bangalore; National Institute of Advanced Studies, Bangalore<\/td><\/tr><tr><td>Eric Sunderland<\/td><td>UK<\/td><td>(1930-2010)<\/td><td>Bangor University; Durham University<\/td><\/tr><tr><td>Hisashi Suzuki<\/td><td>Japan<\/td><td>(1912-2004)<\/td><td>University of Tokyo<\/td><\/tr><tr><td>Sol Tax<\/td><td>USA<\/td><td>(1907-1995)<\/td><td>University of Chicago<\/td><\/tr><tr><td>Phillip Valentine Tobias<\/td><td>South Africa<\/td><td>(1925-2012)<\/td><td>University of the Witwatersrand, Johannesburg<\/td><\/tr><tr><td>Sergei Alexandrowitsch Tokarev<\/td><td>USSR<\/td><td>(1899-1985)<\/td><td>Lomonosov Moscow State University<\/td><\/tr><tr><td>Lallita Prasad Vidyarthi<\/td><td>India<\/td><td>(1931-1985)<\/td><td>Ranchi University<\/td><\/tr><tr><td>Gordon Randolph Willey<\/td><td>USA<\/td><td>(1913-2002)<\/td><td>Harvard University<\/td><\/tr><tr><td>Fei Xiaotong (Fei Hsiao-Tung)<\/td><td>China<\/td><td>(1910-2005)<\/td><td>Peking University<\/td><\/tr><tr><td>Vsevolod Petrovich Yakimov<\/td><td>USSR<\/td><td>(1912-1982)<\/td><td>Moscow State University<\/td><\/tr><\/tbody><\/table>\t\t\t\t\t\t\t\t<\/div>\n\t\t\t\t<\/div>\n\t\t\t\t<div class=\"elementor-element elementor-element-4d52e0a elementor-widget elementor-widget-spacer\" data-id=\"4d52e0a\" data-element_type=\"widget\" data-widget_type=\"spacer.default\">\n\t\t\t\t<div class=\"elementor-widget-container\">\n\t\t\t\t\t\t\t<div class=\"elementor-spacer\">\n\t\t\t<div class=\"elementor-spacer-inner\"><\/div>\n\t\t<\/div>\n\t\t\t\t\t\t<\/div>\n\t\t\t\t<\/div>\n\t\t\t\t\t<\/div>\n\t\t\t\t<\/div>\n\t\t\t\t<\/div>\n\t\t","protected":false},"excerpt":{"rendered":"<p>Honorary Membership NAME COUNTRY AFFILIATION \/ FORMER AFFILIATION Lourdes Arizpe Mexico Universidad Nacional Aut\u00f3noma de M\u00e9xico (UNAM) H. Russell Bernard USA University of Florida Christian Bromberger France l&#8217;Universit\u00e9 de Provence Buddhadeb Chaudhuri India Calcutta University John Ernest Gledhill UK University of Manchester Faye Harrison USA University of Illinois at Urbana-Champaign Esteban Krotz Mexico; Germany Universidad [&hellip;]<\/p>\n","protected":false},"author":1,"featured_media":0,"parent":0,"menu_order":0,"comment_status":"closed","ping_status":"closed","template":"","meta":{"footnotes":""},"class_list":["post-496","page","type-page","status-publish","hentry"],"_links":{"self":[{"href":"https:\/\/waunet.org\/iuaes\/wp-json\/wp\/v2\/pages\/496","targetHints":{"allow":["GET"]}}],"collection":[{"href":"https:\/\/waunet.org\/iuaes\/wp-json\/wp\/v2\/pages"}],"about":[{"href":"https:\/\/waunet.org\/iuaes\/wp-json\/wp\/v2\/types\/page"}],"author":[{"embeddable":true,"href":"https:\/\/waunet.org\/iuaes\/wp-json\/wp\/v2\/users\/1"}],"replies":[{"embeddable":true,"href":"https:\/\/waunet.org\/iuaes\/wp-json\/wp\/v2\/comments?post=496"}],"version-history":[{"count":16,"href":"https:\/\/waunet.org\/iuaes\/wp-json\/wp\/v2\/pages\/496\/revisions"}],"predecessor-version":[{"id":600,"href":"https:\/\/waunet.org\/iuaes\/wp-json\/wp\/v2\/pages\/496\/revisions\/600"}],"wp:attachment":[{"href":"https:\/\/waunet.org\/iuaes\/wp-json\/wp\/v2\/media?parent=496"}],"curies":[{"name":"wp","href":"https:\/\/api.w.org\/{rel}","templated":true}]}}